{"id":3128,"date":"2022-02-11T11:14:08","date_gmt":"2022-02-11T00:44:08","guid":{"rendered":"http:\/\/portia.lhmstaging.net\/?post_type=product&#038;p=3128"},"modified":"2026-01-12T12:01:16","modified_gmt":"2026-01-12T01:31:16","slug":"artist-series-rose","status":"publish","type":"product","link":"https:\/\/portiavalleywines.com.au\/vi\/san-pham\/artist-series-rose\/","title":{"rendered":"Canvas Collection Ros\u00e9"},"content":{"rendered":"<p>The Rose label was designed in partnership with the Helpmann Academy when the opportunity was presented to an emerging young artist to have their artwork on the label of our new Portia Valley Grenache Rose. The inaugural winner was University of South Australia graduate, Imogen Porteous. The Helpmann and Portia Valley Wines are very excited to continue working<br \/>\non our \u201cArtist Series\u201d wine label.<\/p>\n<p>The Helpmann Academy empower South Australian\u2019s most promising emerging creatives to realise their visions and build sustainable practices. They provide professional development opportunities including grants and awards, fellowships, mentorships, masterclasses and seminars, advisory services and international artist residencies, all tailored specifically for South Australia\u2019s higher education students, graduates and emerging artists.<\/p>\n<p>The relationship between Helpmann Academy and Portia Valley Wines is a wonderful example of an evolving, mutually beneficial partnership that meets the business objectives of both partners and opens up new opportunities for all involved.<\/p>","protected":false},"excerpt":{"rendered":"<p>Nh\u00e3n Ros\u00e9 \u0111\u01b0\u1ee3c thi\u1ebft k\u1ebf v\u1edbi s\u1ef1 h\u1ee3p t\u00e1c c\u1ee7a H\u1ecdc vi\u1ec7n Helpmann khi c\u00f3 c\u01a1 h\u1ed9i \u0111\u01b0\u1ee3c trao cho m\u1ed9t ngh\u1ec7 s\u0129 tr\u1ebb m\u1edbi n\u1ed5i \u0111\u1ec3 c\u00f3 t\u00e1c ph\u1ea9m ngh\u1ec7 thu\u1eadt c\u1ee7a h\u1ecd tr\u00ean nh\u00e3n c\u1ee7a Portia Valley Grenache Ros\u00e9 m\u1edbi c\u1ee7a ch\u00fang t\u00f4i.<\/p>","protected":false},"featured_media":3899,"comment_status":"open","ping_status":"closed","template":"","meta":{"_kad_post_transparent":"default","_kad_post_title":"","_kad_post_layout":"default","_kad_post_sidebar_id":"","_kad_post_content_style":"default","_kad_post_vertical_padding":"default","_kad_post_feature":"","_kad_post_feature_position":"","_kad_post_header":false,"_kad_post_footer":false},"product_brand":[],"product_cat":[58,38],"product_tag":[],"class_list":{"0":"post-3128","1":"product","2":"type-product","3":"status-publish","4":"has-post-thumbnail","6":"product_cat-artist-series","7":"product_cat-wine","9":"first","10":"instock","11":"shipping-taxable","12":"purchasable","13":"product-type-simple","14":"entry","15":"content-bg","16":"loop-entry"},"acf":[],"_links":{"self":[{"href":"https:\/\/portiavalleywines.com.au\/vi\/wp-json\/wp\/v2\/product\/3128","targetHints":{"allow":["GET"]}}],"collection":[{"href":"https:\/\/portiavalleywines.com.au\/vi\/wp-json\/wp\/v2\/product"}],"about":[{"href":"https:\/\/portiavalleywines.com.au\/vi\/wp-json\/wp\/v2\/types\/product"}],"replies":[{"embeddable":true,"href":"https:\/\/portiavalleywines.com.au\/vi\/wp-json\/wp\/v2\/comments?post=3128"}],"wp:featuredmedia":[{"embeddable":true,"href":"https:\/\/portiavalleywines.com.au\/vi\/wp-json\/wp\/v2\/media\/3899"}],"wp:attachment":[{"href":"https:\/\/portiavalleywines.com.au\/vi\/wp-json\/wp\/v2\/media?parent=3128"}],"wp:term":[{"taxonomy":"product_brand","embeddable":true,"href":"https:\/\/portiavalleywines.com.au\/vi\/wp-json\/wp\/v2\/product_brand?post=3128"},{"taxonomy":"product_cat","embeddable":true,"href":"https:\/\/portiavalleywines.com.au\/vi\/wp-json\/wp\/v2\/product_cat?post=3128"},{"taxonomy":"product_tag","embeddable":true,"href":"https:\/\/portiavalleywines.com.au\/vi\/wp-json\/wp\/v2\/product_tag?post=3128"}],"curies":[{"name":"wp","href":"https:\/\/api.w.org\/{rel}","templated":true}]}}