{"id":3130,"date":"2022-02-11T11:14:09","date_gmt":"2022-02-11T00:44:09","guid":{"rendered":"http:\/\/portia.lhmstaging.net\/?post_type=product&#038;p=3130"},"modified":"2023-06-20T15:29:55","modified_gmt":"2023-06-20T05:59:55","slug":"vineyard-1913-sa-sauvignon-blanc","status":"publish","type":"product","link":"https:\/\/portiavalleywines.com.au\/vi\/san-pham\/vineyard-1913-sa-sauvignon-blanc\/","title":{"rendered":"Grigori Vintners Sauvignon Blanc"},"content":{"rendered":"<p>Vineyard 1913 is nestled at the top of the Monash Valley, the section number 1913 dates back to the early 1900\u2019s when the land was subdivided and allocated to return soldiers from WW1. The<br \/>\nvineyard is a family owned wine business, and a four generation viticulturist and wine producer. The Riverland region of South Australia enjoys a climate with low rain fall, mild winters, dry<br \/>\nsummers and low humidity. Sandy loam rich and fertile soils make this a perfect climate and region for growing grapes.<\/p>","protected":false},"excerpt":{"rendered":"<p>V\u01b0\u1eddn nho 1913 n\u1eb1m n\u00e9p m\u00ecnh tr\u00ean \u0111\u1ec9nh Thung l\u0169ng Monash, khu v\u1ef1c s\u1ed1 1913 c\u00f3 t\u1eeb \u0111\u1ea7u nh\u1eefng n\u0103m 1900 khi v\u00f9ng \u0111\u1ea5t n\u00e0y \u0111\u01b0\u1ee3c chia nh\u1ecf v\u00e0 \u0111\u01b0\u1ee3c ph\u00e2n b\u1ed5 \u0111\u1ec3 trao tr\u1ea3 nh\u1eefng ng\u01b0\u1eddi l\u00ednh sau Th\u1ebf chi\u1ebfn 1.<\/p>","protected":false},"featured_media":3911,"comment_status":"open","ping_status":"closed","template":"","meta":{"_kad_post_transparent":"default","_kad_post_title":"","_kad_post_layout":"default","_kad_post_sidebar_id":"","_kad_post_content_style":"default","_kad_post_vertical_padding":"default","_kad_post_feature":"","_kad_post_feature_position":"","_kad_post_header":false,"_kad_post_footer":false},"product_brand":[],"product_cat":[60,38],"product_tag":[],"class_list":{"0":"post-3130","1":"product","2":"type-product","3":"status-publish","4":"has-post-thumbnail","6":"product_cat-grigori-vintners","7":"product_cat-wine","9":"first","10":"instock","11":"shipping-taxable","12":"purchasable","13":"product-type-simple","14":"entry","15":"content-bg","16":"loop-entry"},"acf":[],"_links":{"self":[{"href":"https:\/\/portiavalleywines.com.au\/vi\/wp-json\/wp\/v2\/product\/3130","targetHints":{"allow":["GET"]}}],"collection":[{"href":"https:\/\/portiavalleywines.com.au\/vi\/wp-json\/wp\/v2\/product"}],"about":[{"href":"https:\/\/portiavalleywines.com.au\/vi\/wp-json\/wp\/v2\/types\/product"}],"replies":[{"embeddable":true,"href":"https:\/\/portiavalleywines.com.au\/vi\/wp-json\/wp\/v2\/comments?post=3130"}],"wp:featuredmedia":[{"embeddable":true,"href":"https:\/\/portiavalleywines.com.au\/vi\/wp-json\/wp\/v2\/media\/3911"}],"wp:attachment":[{"href":"https:\/\/portiavalleywines.com.au\/vi\/wp-json\/wp\/v2\/media?parent=3130"}],"wp:term":[{"taxonomy":"product_brand","embeddable":true,"href":"https:\/\/portiavalleywines.com.au\/vi\/wp-json\/wp\/v2\/product_brand?post=3130"},{"taxonomy":"product_cat","embeddable":true,"href":"https:\/\/portiavalleywines.com.au\/vi\/wp-json\/wp\/v2\/product_cat?post=3130"},{"taxonomy":"product_tag","embeddable":true,"href":"https:\/\/portiavalleywines.com.au\/vi\/wp-json\/wp\/v2\/product_tag?post=3130"}],"curies":[{"name":"wp","href":"https:\/\/api.w.org\/{rel}","templated":true}]}}