{"id":3134,"date":"2022-02-11T11:14:09","date_gmt":"2022-02-11T00:44:09","guid":{"rendered":"http:\/\/portia.lhmstaging.net\/?post_type=product&#038;p=3134"},"modified":"2024-03-12T10:47:43","modified_gmt":"2024-03-12T00:17:43","slug":"grigori-vintners-sa-merlot","status":"publish","type":"product","link":"https:\/\/portiavalleywines.com.au\/vi\/san-pham\/grigori-vintners-sa-merlot\/","title":{"rendered":"Grigori Vintners SA Merlot"},"content":{"rendered":"<div class=\"page\" title=\"Trang 1\">\n<div class=\"layoutArea\">\n<div class=\"column\">\n<p>R\u01b0\u1ee3u vang Grigori Vintners c\u1ee7a ch\u00fang t\u00f4i l\u00e0 \u0111\u1ea1i di\u1ec7n c\u1ee7a ch\u00fang t\u00f4i v\u1ec1 c\u00e1c v\u00f9ng s\u1ea3n xu\u1ea5t r\u01b0\u1ee3u vang l\u1edbn nh\u1ea5t v\u00e0 quan tr\u1ecdng nh\u1ea5t c\u1ee7a \u00dac, cung c\u1ea5p tr\u00e1i c\u00e2y t\u1eeb c\u00e1c v\u01b0\u1eddn nho kh\u00e1c nhau tr\u00ean kh\u1eafp \u0111\u1ea5t n\u01b0\u1edbc, t\u1eeb kh\u00ed h\u1eadu \u1ea5m \u00e1p c\u1ee7a Riverland \u0111\u1ebfn v\u00f9ng Heathcote m\u00e1t m\u1ebb h\u01a1n. C\u00e1c lo\u1ea1i r\u01b0\u1ee3u vang l\u00e0 s\u1ef1 pha tr\u1ed9n \u0111a v\u00f9ng l\u00e0m n\u1ed5i b\u1eadt nh\u1eefng g\u00ec ngon nh\u1ea5t m\u00e0 \u00dac cung c\u1ea5p, t\u1ea1o ra c\u00e1c lo\u1ea1i r\u01b0\u1ee3u vang th\u1eadm ch\u00ed c\u00f2n tuy\u1ec7t v\u1eddi h\u01a1n t\u1ed5ng c\u00e1c ph\u1ea7n c\u1ee7a ch\u00fang.<\/p>\n<\/div>\n<\/div>\n<\/div>","protected":false},"excerpt":{"rendered":"<div class=\"page\" title=\"Trang 1\">\n<div class=\"layoutArea\">\n<div class=\"column\">\n<p>R\u01b0\u1ee3u vang Grigori Vintners c\u1ee7a ch\u00fang t\u00f4i l\u00e0 \u0111\u1ea1i di\u1ec7n c\u1ee7a ch\u00fang t\u00f4i v\u1ec1 c\u00e1c v\u00f9ng s\u1ea3n xu\u1ea5t r\u01b0\u1ee3u vang l\u1edbn nh\u1ea5t v\u00e0 quan tr\u1ecdng nh\u1ea5t c\u1ee7a \u00dac, cung c\u1ea5p tr\u00e1i c\u00e2y t\u1eeb c\u00e1c v\u01b0\u1eddn nho kh\u00e1c nhau tr\u00ean kh\u1eafp \u0111\u1ea5t n\u01b0\u1edbc, t\u1eeb kh\u00ed h\u1eadu \u1ea5m \u00e1p c\u1ee7a Riverland \u0111\u1ebfn v\u00f9ng Heathcote m\u00e1t m\u1ebb h\u01a1n. C\u00e1c lo\u1ea1i r\u01b0\u1ee3u vang l\u00e0 s\u1ef1 pha tr\u1ed9n \u0111a v\u00f9ng l\u00e0m n\u1ed5i b\u1eadt nh\u1eefng g\u00ec ngon nh\u1ea5t m\u00e0 \u00dac cung c\u1ea5p, t\u1ea1o ra c\u00e1c lo\u1ea1i r\u01b0\u1ee3u vang th\u1eadm ch\u00ed c\u00f2n tuy\u1ec7t v\u1eddi h\u01a1n t\u1ed5ng c\u00e1c ph\u1ea7n c\u1ee7a ch\u00fang.<\/p>\n<\/div>\n<\/div>\n<\/div>","protected":false},"featured_media":3913,"comment_status":"open","ping_status":"closed","template":"","meta":{"_kad_post_transparent":"default","_kad_post_title":"","_kad_post_layout":"default","_kad_post_sidebar_id":"","_kad_post_content_style":"default","_kad_post_vertical_padding":"default","_kad_post_feature":"","_kad_post_feature_position":"","_kad_post_header":false,"_kad_post_footer":false},"product_brand":[],"product_cat":[60,38],"product_tag":[],"class_list":{"0":"post-3134","1":"product","2":"type-product","3":"status-publish","4":"has-post-thumbnail","6":"product_cat-grigori-vintners","7":"product_cat-wine","9":"first","10":"instock","11":"shipping-taxable","12":"purchasable","13":"product-type-simple","14":"entry","15":"content-bg","16":"loop-entry"},"acf":[],"_links":{"self":[{"href":"https:\/\/portiavalleywines.com.au\/vi\/wp-json\/wp\/v2\/product\/3134","targetHints":{"allow":["GET"]}}],"collection":[{"href":"https:\/\/portiavalleywines.com.au\/vi\/wp-json\/wp\/v2\/product"}],"about":[{"href":"https:\/\/portiavalleywines.com.au\/vi\/wp-json\/wp\/v2\/types\/product"}],"replies":[{"embeddable":true,"href":"https:\/\/portiavalleywines.com.au\/vi\/wp-json\/wp\/v2\/comments?post=3134"}],"wp:featuredmedia":[{"embeddable":true,"href":"https:\/\/portiavalleywines.com.au\/vi\/wp-json\/wp\/v2\/media\/3913"}],"wp:attachment":[{"href":"https:\/\/portiavalleywines.com.au\/vi\/wp-json\/wp\/v2\/media?parent=3134"}],"wp:term":[{"taxonomy":"product_brand","embeddable":true,"href":"https:\/\/portiavalleywines.com.au\/vi\/wp-json\/wp\/v2\/product_brand?post=3134"},{"taxonomy":"product_cat","embeddable":true,"href":"https:\/\/portiavalleywines.com.au\/vi\/wp-json\/wp\/v2\/product_cat?post=3134"},{"taxonomy":"product_tag","embeddable":true,"href":"https:\/\/portiavalleywines.com.au\/vi\/wp-json\/wp\/v2\/product_tag?post=3134"}],"curies":[{"name":"wp","href":"https:\/\/api.w.org\/{rel}","templated":true}]}}