{"id":3137,"date":"2022-02-11T11:14:09","date_gmt":"2022-02-11T00:44:09","guid":{"rendered":"http:\/\/portia.lhmstaging.net\/?post_type=product&#038;p=3137"},"modified":"2022-06-03T01:52:02","modified_gmt":"2022-06-02T16:22:02","slug":"grigori-family-reserve-clare-valley-riesling","status":"publish","type":"product","link":"https:\/\/portiavalleywines.com.au\/vi\/san-pham\/grigori-family-reserve-clare-valley-riesling\/","title":{"rendered":"Khu b\u1ea3o t\u1ed3n gia \u0111\u00ecnh Grigori Clare Valley Riesling"},"content":{"rendered":"<p>Our Family Reserve collection is the culmination of over 50 years of Grigoriou family wine making tradition. Selected vineyards are chosen in Australian\u2019s most prized wine region to\u00a0 create single site wines of substance and longevity. With extended oak maturation and traditional, gentle handing, our Family Reserve collection super premium wines that are not only incredibly beautiful to drink but also tell a story about our family history.<\/p>","protected":false},"excerpt":{"rendered":"<p>B\u1ed9 s\u01b0u t\u1eadp Family Reserve c\u1ee7a ch\u00fang t\u00f4i l\u00e0 \u0111\u1ec9nh cao c\u1ee7a h\u01a1n 50 n\u0103m truy\u1ec1n th\u1ed1ng l\u00e0m r\u01b0\u1ee3u c\u1ee7a gia \u0111\u00ecnh Grigoriou. Nh\u1eefng v\u01b0\u1eddn nho ch\u1ecdn l\u1ecdc \u0111\u01b0\u1ee3c ch\u1ecdn trong v\u00f9ng r\u01b0\u1ee3u vang \u0111\u01b0\u1ee3c \u0111\u00e1nh gi\u00e1 cao nh\u1ea5t c\u1ee7a \u00dac \u0111\u1ec3 t\u1ea1o ra nh\u1eefng lo\u1ea1i r\u01b0\u1ee3u vang c\u00f3 ch\u1ea5t l\u01b0\u1ee3ng v\u00e0 tu\u1ed5i th\u1ecd cao.<\/p>","protected":false},"featured_media":3882,"comment_status":"open","ping_status":"closed","template":"","meta":{"_kad_post_transparent":"default","_kad_post_title":"","_kad_post_layout":"default","_kad_post_sidebar_id":"","_kad_post_content_style":"default","_kad_post_vertical_padding":"default","_kad_post_feature":"","_kad_post_feature_position":"","_kad_post_header":false,"_kad_post_footer":false},"product_brand":[],"product_cat":[57,38],"product_tag":[],"class_list":{"0":"post-3137","1":"product","2":"type-product","3":"status-publish","4":"has-post-thumbnail","6":"product_cat-grigori-family-reserve","7":"product_cat-wine","9":"first","10":"instock","11":"shipping-taxable","12":"purchasable","13":"product-type-simple","14":"entry","15":"content-bg","16":"loop-entry"},"acf":[],"_links":{"self":[{"href":"https:\/\/portiavalleywines.com.au\/vi\/wp-json\/wp\/v2\/product\/3137","targetHints":{"allow":["GET"]}}],"collection":[{"href":"https:\/\/portiavalleywines.com.au\/vi\/wp-json\/wp\/v2\/product"}],"about":[{"href":"https:\/\/portiavalleywines.com.au\/vi\/wp-json\/wp\/v2\/types\/product"}],"replies":[{"embeddable":true,"href":"https:\/\/portiavalleywines.com.au\/vi\/wp-json\/wp\/v2\/comments?post=3137"}],"wp:featuredmedia":[{"embeddable":true,"href":"https:\/\/portiavalleywines.com.au\/vi\/wp-json\/wp\/v2\/media\/3882"}],"wp:attachment":[{"href":"https:\/\/portiavalleywines.com.au\/vi\/wp-json\/wp\/v2\/media?parent=3137"}],"wp:term":[{"taxonomy":"product_brand","embeddable":true,"href":"https:\/\/portiavalleywines.com.au\/vi\/wp-json\/wp\/v2\/product_brand?post=3137"},{"taxonomy":"product_cat","embeddable":true,"href":"https:\/\/portiavalleywines.com.au\/vi\/wp-json\/wp\/v2\/product_cat?post=3137"},{"taxonomy":"product_tag","embeddable":true,"href":"https:\/\/portiavalleywines.com.au\/vi\/wp-json\/wp\/v2\/product_tag?post=3137"}],"curies":[{"name":"wp","href":"https:\/\/api.w.org\/{rel}","templated":true}]}}