{"id":3916,"date":"2022-02-26T02:46:27","date_gmt":"2022-02-25T16:16:27","guid":{"rendered":"http:\/\/portia.lhmstaging.net\/?post_type=product&#038;p=3916"},"modified":"2022-06-14T17:39:22","modified_gmt":"2022-06-14T08:09:22","slug":"native-australian-saltbush-lemon-myrtle-gin","status":"publish","type":"product","link":"https:\/\/portiavalleywines.com.au\/vi\/san-pham\/native-australian-saltbush-lemon-myrtle-gin\/","title":{"rendered":"R\u01b0\u1ee3u m\u1eb7n \u00dac b\u1ea3n \u0111\u1ecba &amp; r\u01b0\u1ee3u gin chanh Myrtle"},"content":{"rendered":"","protected":false},"excerpt":{"rendered":"<p data-pm-slice=\"1 1 []\">Saltbush v\u00e0 Lemon Myrtle Gin c\u1ee7a ch\u00fang t\u00f4i l\u00e0 lo\u1ea1i c\u00e2y th\u00e2n th\u1ea3o, m\u00e0u xanh l\u00e1 c\u00e2y v\u00e0 t\u01b0\u01a1i s\u00e1ng. S\u1eed d\u1ee5ng c\u1ea3 Lemon Myrtle v\u00e0 Saltbush b\u1ea3n \u0111\u1ecba t\u1eeb Riverland, ch\u00fang t\u00f4i \u0111\u00e3 t\u1ea1o ra m\u1ed9t lo\u1ea1i r\u01b0\u1ee3u gin phong c\u00e1ch th\u1ea3o m\u1ed9c, c\u00f3 h\u01b0\u01a1ng v\u1ecb \u0111\u1ea7y \u0111\u1ee7, ho\u00e0n h\u1ea3o cho m\u1ed9t ly martini!<\/p>","protected":false},"featured_media":3921,"comment_status":"open","ping_status":"closed","template":"","meta":{"_kad_post_transparent":"default","_kad_post_title":"","_kad_post_layout":"default","_kad_post_sidebar_id":"","_kad_post_content_style":"default","_kad_post_vertical_padding":"default","_kad_post_feature":"","_kad_post_feature_position":"","_kad_post_header":false,"_kad_post_footer":false},"product_brand":[],"product_cat":[39],"product_tag":[],"class_list":{"0":"post-3916","1":"product","2":"type-product","3":"status-publish","4":"has-post-thumbnail","6":"product_cat-gin","8":"first","9":"instock","10":"shipping-taxable","11":"purchasable","12":"product-type-simple","13":"entry","14":"content-bg","15":"loop-entry"},"acf":[],"_links":{"self":[{"href":"https:\/\/portiavalleywines.com.au\/vi\/wp-json\/wp\/v2\/product\/3916","targetHints":{"allow":["GET"]}}],"collection":[{"href":"https:\/\/portiavalleywines.com.au\/vi\/wp-json\/wp\/v2\/product"}],"about":[{"href":"https:\/\/portiavalleywines.com.au\/vi\/wp-json\/wp\/v2\/types\/product"}],"replies":[{"embeddable":true,"href":"https:\/\/portiavalleywines.com.au\/vi\/wp-json\/wp\/v2\/comments?post=3916"}],"wp:featuredmedia":[{"embeddable":true,"href":"https:\/\/portiavalleywines.com.au\/vi\/wp-json\/wp\/v2\/media\/3921"}],"wp:attachment":[{"href":"https:\/\/portiavalleywines.com.au\/vi\/wp-json\/wp\/v2\/media?parent=3916"}],"wp:term":[{"taxonomy":"product_brand","embeddable":true,"href":"https:\/\/portiavalleywines.com.au\/vi\/wp-json\/wp\/v2\/product_brand?post=3916"},{"taxonomy":"product_cat","embeddable":true,"href":"https:\/\/portiavalleywines.com.au\/vi\/wp-json\/wp\/v2\/product_cat?post=3916"},{"taxonomy":"product_tag","embeddable":true,"href":"https:\/\/portiavalleywines.com.au\/vi\/wp-json\/wp\/v2\/product_tag?post=3916"}],"curies":[{"name":"wp","href":"https:\/\/api.w.org\/{rel}","templated":true}]}}