{"id":3923,"date":"2022-02-26T02:50:33","date_gmt":"2022-02-25T16:20:33","guid":{"rendered":"http:\/\/portia.lhmstaging.net\/?post_type=product&#038;p=3923"},"modified":"2024-03-12T10:46:42","modified_gmt":"2024-03-12T00:16:42","slug":"native-australian-lilly-pilly-gin","status":"publish","type":"product","link":"https:\/\/portiavalleywines.com.au\/vi\/san-pham\/native-australian-lilly-pilly-gin\/","title":{"rendered":"Lilly Pilly Gin b\u1ea3n \u0111\u1ecba \u00dac"},"content":{"rendered":"","protected":false},"excerpt":{"rendered":"<p data-pm-slice=\"1 1 []\">Lilly Pilly Gin c\u1ee7a ch\u00fang t\u00f4i \u0111\u01b0\u1ee3c l\u00e0m th\u1ee7 c\u00f4ng b\u1eb1ng c\u00e1ch s\u1eed d\u1ee5ng c\u00e1c lo\u00e0i th\u1ef1c v\u1eadt b\u1ea3n \u0111\u1ecba c\u1ee7a \u00dac \u0111\u01b0\u1ee3c \u01b0\u1edbp, ch\u01b0ng c\u1ea5t v\u00e0 pha tr\u1ed9n v\u1edbi nhau v\u1edbi Lilly Pilly b\u1ea3n \u0111\u1ecba c\u1ee7a Nam \u00dac. M\u1ed9t lo\u1ea1i r\u01b0\u1ee3u gin m\u1ecbn, tr\u00f2n v\u00e0 tannic nh\u1eb9 v\u1edbi m\u1ed9t ch\u00fat h\u01b0\u01a1ng cam chanh. Ph\u1ee5c v\u1ee5 ho\u00e0n h\u1ea3o v\u1edbi m\u1ed9t s\u1ed1 thu\u1ed1c b\u1ed5 v\u00e0 v\u00f4i t\u01b0\u01a1i.<\/p>","protected":false},"featured_media":3919,"comment_status":"open","ping_status":"closed","template":"","meta":{"_kad_post_transparent":"default","_kad_post_title":"","_kad_post_layout":"default","_kad_post_sidebar_id":"","_kad_post_content_style":"default","_kad_post_vertical_padding":"default","_kad_post_feature":"","_kad_post_feature_position":"","_kad_post_header":false,"_kad_post_footer":false},"product_brand":[],"product_cat":[39],"product_tag":[],"class_list":{"0":"post-3923","1":"product","2":"type-product","3":"status-publish","4":"has-post-thumbnail","6":"product_cat-gin","8":"first","9":"outofstock","10":"shipping-taxable","11":"purchasable","12":"product-type-simple","13":"entry","14":"content-bg","15":"loop-entry"},"acf":[],"_links":{"self":[{"href":"https:\/\/portiavalleywines.com.au\/vi\/wp-json\/wp\/v2\/product\/3923","targetHints":{"allow":["GET"]}}],"collection":[{"href":"https:\/\/portiavalleywines.com.au\/vi\/wp-json\/wp\/v2\/product"}],"about":[{"href":"https:\/\/portiavalleywines.com.au\/vi\/wp-json\/wp\/v2\/types\/product"}],"replies":[{"embeddable":true,"href":"https:\/\/portiavalleywines.com.au\/vi\/wp-json\/wp\/v2\/comments?post=3923"}],"wp:featuredmedia":[{"embeddable":true,"href":"https:\/\/portiavalleywines.com.au\/vi\/wp-json\/wp\/v2\/media\/3919"}],"wp:attachment":[{"href":"https:\/\/portiavalleywines.com.au\/vi\/wp-json\/wp\/v2\/media?parent=3923"}],"wp:term":[{"taxonomy":"product_brand","embeddable":true,"href":"https:\/\/portiavalleywines.com.au\/vi\/wp-json\/wp\/v2\/product_brand?post=3923"},{"taxonomy":"product_cat","embeddable":true,"href":"https:\/\/portiavalleywines.com.au\/vi\/wp-json\/wp\/v2\/product_cat?post=3923"},{"taxonomy":"product_tag","embeddable":true,"href":"https:\/\/portiavalleywines.com.au\/vi\/wp-json\/wp\/v2\/product_tag?post=3923"}],"curies":[{"name":"wp","href":"https:\/\/api.w.org\/{rel}","templated":true}]}}