{"id":3924,"date":"2022-02-26T02:52:07","date_gmt":"2022-02-25T16:22:07","guid":{"rendered":"http:\/\/portia.lhmstaging.net\/?post_type=product&#038;p=3924"},"modified":"2022-06-14T17:39:27","modified_gmt":"2022-06-14T08:09:27","slug":"native-australian-classic-dry-gin","status":"publish","type":"product","link":"https:\/\/portiavalleywines.com.au\/vi\/san-pham\/native-australian-classic-dry-gin\/","title":{"rendered":"R\u01b0\u1ee3u gin kh\u00f4 c\u1ed5 \u0111i\u1ec3n c\u1ee7a ng\u01b0\u1eddi \u00dac b\u1ea3n \u0111\u1ecba"},"content":{"rendered":"","protected":false},"excerpt":{"rendered":"<p data-pm-slice=\"1 1 []\">R\u01b0\u1ee3u gin kh\u00f4 c\u1ed5 \u0111i\u1ec3n c\u1ee7a ch\u00fang t\u00f4i mang \u0111\u1ebfn h\u01b0\u01a1ng v\u1ecb c\u00e2y b\u00e1ch x\u00f9 t\u01b0\u01a1i s\u00e1ng v\u1edbi h\u01b0\u01a1ng cam qu\u00fdt t\u01b0\u01a1i c\u1ee7a \u00dac sau \u0111\u00f3 v\u00e0 ch\u1ec9 m\u1ed9t ch\u00fat h\u01b0\u01a1ng th\u1ea3o \u0111\u1ec3 k\u1ebft th\u00fac. C\u1ed5 \u0111i\u1ec3n, s\u1ea1ch v\u00e0 kh\u00f4 - s\u1eb5n s\u00e0ng \u0111\u1ec3 th\u01b0\u1edfng th\u1ee9c cho b\u1ea5t k\u1ef3 d\u1ecbp n\u00e0o.<\/p>","protected":false},"featured_media":3917,"comment_status":"open","ping_status":"closed","template":"","meta":{"_kad_post_transparent":"default","_kad_post_title":"","_kad_post_layout":"default","_kad_post_sidebar_id":"","_kad_post_content_style":"default","_kad_post_vertical_padding":"default","_kad_post_feature":"","_kad_post_feature_position":"","_kad_post_header":false,"_kad_post_footer":false},"product_brand":[],"product_cat":[39],"product_tag":[],"class_list":{"0":"post-3924","1":"product","2":"type-product","3":"status-publish","4":"has-post-thumbnail","6":"product_cat-gin","8":"first","9":"instock","10":"shipping-taxable","11":"purchasable","12":"product-type-simple","13":"entry","14":"content-bg","15":"loop-entry"},"acf":[],"_links":{"self":[{"href":"https:\/\/portiavalleywines.com.au\/vi\/wp-json\/wp\/v2\/product\/3924","targetHints":{"allow":["GET"]}}],"collection":[{"href":"https:\/\/portiavalleywines.com.au\/vi\/wp-json\/wp\/v2\/product"}],"about":[{"href":"https:\/\/portiavalleywines.com.au\/vi\/wp-json\/wp\/v2\/types\/product"}],"replies":[{"embeddable":true,"href":"https:\/\/portiavalleywines.com.au\/vi\/wp-json\/wp\/v2\/comments?post=3924"}],"wp:featuredmedia":[{"embeddable":true,"href":"https:\/\/portiavalleywines.com.au\/vi\/wp-json\/wp\/v2\/media\/3917"}],"wp:attachment":[{"href":"https:\/\/portiavalleywines.com.au\/vi\/wp-json\/wp\/v2\/media?parent=3924"}],"wp:term":[{"taxonomy":"product_brand","embeddable":true,"href":"https:\/\/portiavalleywines.com.au\/vi\/wp-json\/wp\/v2\/product_brand?post=3924"},{"taxonomy":"product_cat","embeddable":true,"href":"https:\/\/portiavalleywines.com.au\/vi\/wp-json\/wp\/v2\/product_cat?post=3924"},{"taxonomy":"product_tag","embeddable":true,"href":"https:\/\/portiavalleywines.com.au\/vi\/wp-json\/wp\/v2\/product_tag?post=3924"}],"curies":[{"name":"wp","href":"https:\/\/api.w.org\/{rel}","templated":true}]}}